{"id":641,"date":"2014-11-20T21:09:02","date_gmt":"2014-11-20T21:09:02","guid":{"rendered":"http:\/\/coka.mine.nu\/~scoutpoggio\/?page_id=641"},"modified":"2014-11-20T21:14:34","modified_gmt":"2014-11-20T21:14:34","slug":"il-lupettario-calendario-attivita","status":"publish","type":"page","link":"https:\/\/www.scoutpoggiorusco.it\/?page_id=641","title":{"rendered":"Il Lupettario &#8211; Calendario"},"content":{"rendered":"<p style=\"text-align: center;\"><!--more--><\/p>\n<h2 style=\"text-align: center;\"><span style=\"font-size: 1.5em;\">IL LUPETTARIO &#8211; CALENDARIO ATTIVITA&#8217;<\/span><\/h2>\n<h2 style=\"text-align: center;\">BRANCO \u201cSTELLA FELICE\u201d &#8211; Poggio Rusco 1<\/h2>\n<h3><\/h3>\n<p>&nbsp;<\/p>\n<h3>Lupettario Ottobre \u2013 Novembre \u2013 Dicembre\u00a02014<\/h3>\n<h5>(il ritrovo \u00e8 sempre in piazza S. Francesco, davanti all\u2019Anspi)<\/h5>\n<h3><\/h3>\n<p>&nbsp;<\/p>\n<h3>Mese di OTTOBRE<\/h3>\n<p>DOMENICA 26 Attivit\u00e0 dalle 8,45 alle 12,15<\/p>\n<h3><\/h3>\n<h3>Mese di NOVEMBRE<\/h3>\n<p>DOMENICA 9 Attivit\u00e0 dalle 8,45 alle 12,15<\/p>\n<p>DOMENICA 16 Attivit\u00e0 dalle 8,45 alle 12,15<\/p>\n<p>SABATO 29 Attivit\u00e0 dalle 15,30 alle 19,00 &#8211; a seguire attivit\u00e0 con il CDA<\/p>\n<h3><\/h3>\n<h3>Mese di DICEMBRE<\/h3>\n<p>DOMENICA 14 Attivit\u00e0 dalle 8,45 alle 12,15<\/p>\n<p>SABATO 20 Attivit\u00e0 dalle 15,30 alle 19,00<\/p>\n<p>&nbsp;<\/p>\n<h4>ogni attivit\u00e0 inizier\u00e0 o finir\u00e0 con la S. Messa.<\/h4>\n<p>&nbsp;<\/p>\n<h4>Per domande, chiarimenti, informazioni potere contattare i &#8220;Vecchi Lupi&#8221;:<\/h4>\n<p><b><\/p>\n<pre>Akela (Stefano)     3395301869<\/pre>\n<pre>Bagheera (Paola A.) 3494334131<\/pre>\n<pre>Kaa (Mariano)       3203478537<\/pre>\n<pre>Chill (Anna V.)     3206842013<\/pre>\n<pre>Raksha (Paola G.)   3453285226<\/pre>\n<pre>Ferao (Anna B.)<\/pre>\n<pre>Fratel Bigio (Omar)<\/pre>\n<p><\/b><\/p>\n","protected":false},"excerpt":{"rendered":"","protected":false},"author":2,"featured_media":0,"parent":19,"menu_order":0,"comment_status":"open","ping_status":"open","template":"page-full.php","meta":{"footnotes":""},"class_list":["post-641","page","type-page","status-publish","hentry"],"_links":{"self":[{"href":"https:\/\/www.scoutpoggiorusco.it\/index.php?rest_route=\/wp\/v2\/pages\/641","targetHints":{"allow":["GET"]}}],"collection":[{"href":"https:\/\/www.scoutpoggiorusco.it\/index.php?rest_route=\/wp\/v2\/pages"}],"about":[{"href":"https:\/\/www.scoutpoggiorusco.it\/index.php?rest_route=\/wp\/v2\/types\/page"}],"author":[{"embeddable":true,"href":"https:\/\/www.scoutpoggiorusco.it\/index.php?rest_route=\/wp\/v2\/users\/2"}],"replies":[{"embeddable":true,"href":"https:\/\/www.scoutpoggiorusco.it\/index.php?rest_route=%2Fwp%2Fv2%2Fcomments&post=641"}],"version-history":[{"count":7,"href":"https:\/\/www.scoutpoggiorusco.it\/index.php?rest_route=\/wp\/v2\/pages\/641\/revisions"}],"predecessor-version":[{"id":648,"href":"https:\/\/www.scoutpoggiorusco.it\/index.php?rest_route=\/wp\/v2\/pages\/641\/revisions\/648"}],"up":[{"embeddable":true,"href":"https:\/\/www.scoutpoggiorusco.it\/index.php?rest_route=\/wp\/v2\/pages\/19"}],"wp:attachment":[{"href":"https:\/\/www.scoutpoggiorusco.it\/index.php?rest_route=%2Fwp%2Fv2%2Fmedia&parent=641"}],"curies":[{"name":"wp","href":"https:\/\/api.w.org\/{rel}","templated":true}]}}