{"id":2,"date":"2012-02-01T17:41:29","date_gmt":"2012-02-01T17:41:29","guid":{"rendered":"http:\/\/coka.mine.nu\/~scoutpoggio\/?page_id=2"},"modified":"2019-09-02T13:04:57","modified_gmt":"2019-09-02T13:04:57","slug":"pagina-di-esempio","status":"publish","type":"page","link":"https:\/\/www.scoutpoggiorusco.it\/?page_id=2","title":{"rendered":"Oasi"},"content":{"rendered":"\n<pre class=\"wp-block-preformatted\"><iframe loading=\"lazy\" src=\"https:\/\/calendar.google.com\/calendar\/embed?height=600&amp;wkst=1&amp;bgcolor=%2363d6fd&amp;ctz=Europe%2FRome&amp;src=cmVhMG4xcHVhc2pvY2hsNmRjdWw3bmdrMXNAZ3JvdXAuY2FsZW5kYXIuZ29vZ2xlLmNvbQ&amp;color=%23F6BF26&amp;showPrint=0&amp;showTabs=1&amp;showTz=1&amp;showCalendars=1&amp;title=Prenotazioni%20Oasi\" style=\"border:solid 1px #777\" width=\"800\" height=\"600\" frameborder=\"0\" scrolling=\"no\"><\/iframe><\/pre>\n\n\n\n<hr class=\"wp-block-separator\"\/>\n\n\n\n<blockquote class=\"wp-block-quote is-layout-flow wp-block-quote-is-layout-flow\"><p> &#8220;Il vero modo di essere&nbsp;felici&nbsp;\u00e8 quello di procurare la felicit\u00e0 agli altri&#8221;<\/p><cite>  ~ Robert Baden-Powell <\/cite><\/blockquote>\n\n\n\n<hr class=\"wp-block-separator\"\/>\n\n\n<p style=\"text-align: center;\"><a href=\"http:\/\/coka.mine.nu\/~scoutpoggio\/wp-content\/uploads\/2012\/02\/DSC_0323-Copia.jpg\"><img loading=\"lazy\" decoding=\"async\" class=\"wp-image-120 aligncenter\" title=\"DSC_0323 (Copia)\" src=\"http:\/\/coka.mine.nu\/~scoutpoggio\/wp-content\/uploads\/2012\/02\/DSC_0323-Copia-770x509.jpg\" alt=\"\" width=\"600\" height=\"349\"><\/a><\/p>\n<p style=\"text-align: center;\">La casa scout \u201cOasi di Stoppiaro\u201d nasce dalla ristrutturazione dello stabile della canonica di Stoppiaro di propriet\u00e0 della Parrocchia di Dragoncello, per volont\u00e0 dell&#8217;allora parroco don Giuliano Spagna. Tale luogo, comprensivo della chiesa di S. Maria Maddalena, prima testimone e&nbsp; apostola di Cristo risorto, sorge con lo scopo di favorire l\u2019incontro con DioTrinit\u00e0 in un clima di silenzio e di raccoglimento. \u00c8 il luogo che ricorda che siamo cristiani perch\u00e9 crediamo e viviamo Cristo morto e risorto, che la Pasqua di Resurrezione \u00e8 il cuore della nostra fede e fondamento della nostra speranza presente e futura. Ricorda inoltre il \u201cprimato assoluto della preghiera e della contemplazione\u201d (card. Martini) nella vita della comunit\u00e0 cristiana, dei gruppi e dei singoli cristiani. Si d\u00e0 ci\u00f2 che si vive e si crede. Attualmente la Parrocchia di Dragoncello, nella persona di don Antonio Frigo, parroco pro-tempore, ne ha affidato la gestione al gruppo scout Poggio Rusco 1 il quale ne ha fatta la propria sede.<\/p>\n<div>&nbsp;<\/div>\n<div>&nbsp;<\/div>\n<div>&nbsp;<\/div>\n<div style=\"text-align: center;\">\n<p style=\"text-align: left;\" align=\"center\"><strong>L&#8217;Oasi di Stoppiaro offre:<\/strong><\/p>\n<p style=\"text-align: left;\" align=\"center\">&#8211;&nbsp;&nbsp;&nbsp;&nbsp;&nbsp;&nbsp;&nbsp;&nbsp; possibilit\u00e0 di accantonamento con sacco a pelo e materassino per<\/p>\n<p style=\"text-align: left;\" align=\"center\">massimo 40 persone; 20 in letti a castello, 10 in brandine singole, tutti attrezzati con cuscini e&nbsp;coperte.<\/p>\n<p style=\"text-align: left;\" align=\"center\">&#8211;&nbsp;&nbsp;&nbsp;&nbsp;&nbsp;&nbsp;&nbsp;&nbsp; &nbsp;cucina attrezzata;<\/p>\n<p style=\"text-align: left;\" align=\"center\">&#8211; &nbsp; &nbsp; &nbsp; &nbsp; &nbsp;servizi igienici interni ed esterni;<\/p>\n<p style=\"text-align: left;\" align=\"center\">&#8211;&nbsp;&nbsp;&nbsp;&nbsp;&nbsp;&nbsp;&nbsp;&nbsp; riscaldamento a gas in ogni stanza;<\/p>\n<p style=\"text-align: left;\" align=\"center\">&#8211;&nbsp;&nbsp;&nbsp;&nbsp;&nbsp;&nbsp;&nbsp;&nbsp; &nbsp;energia elettrica;<\/p>\n<p style=\"text-align: left;\" align=\"center\">&#8211;&nbsp;&nbsp;&nbsp;&nbsp;&nbsp;&nbsp;&nbsp;&nbsp; lavatoi esterni;<\/p>\n<p style=\"text-align: left;\" align=\"center\">&#8211;&nbsp;&nbsp;&nbsp;&nbsp;&nbsp;&nbsp;&nbsp;&nbsp; ampia possibilit\u00e0 di attendamento per Reparto e Clan, con disponibilit\u00e0 di utilizzo pali per costruzioni previa prenotazione<\/p>\n<p style=\"text-align: left;\" align=\"center\">&#8211;&nbsp;&nbsp;&nbsp;&nbsp;&nbsp;&nbsp;&nbsp;&nbsp; Chiesa dedicata a S. Maria Maddalena del XVII sec<\/p>\n<p align=\"center\"><strong>&nbsp;<\/strong><\/p>\n<\/div>\n<h2 style=\"text-align: center;\"><a href=\"http:\/\/coka.mine.nu\/~scoutpoggio\/wp-content\/uploads\/2012\/02\/Linee-guida-Oasi.pdf\">&nbsp;Regolamento Utilizzo Oasi<\/a><\/h2>\n<div>&nbsp;<\/div>\n<div style=\"text-align: center;\">&nbsp;<\/div>\n<div style=\"text-align: center;\">&nbsp;<\/div>\n<div style=\"text-align: center;\">&nbsp;<\/div>\n<div>&nbsp;<\/div>\n<div>&nbsp;<\/div>\n<div>&nbsp;<\/div>\n<div id='gallery-1' class='gallery galleryid-2 gallery-columns-3 gallery-size-thumbnail'><figure class='gallery-item'>\n\t\t\t<div class='gallery-icon landscape'>\n\t\t\t\t<a href='https:\/\/www.scoutpoggiorusco.it\/wp-content\/uploads\/2012\/02\/festa-di-chiusura-anno-scout-2011-098.jpg'><img loading=\"lazy\" decoding=\"async\" width=\"150\" height=\"150\" src=\"https:\/\/www.scoutpoggiorusco.it\/wp-content\/uploads\/2012\/02\/festa-di-chiusura-anno-scout-2011-098-150x150.jpg\" class=\"attachment-thumbnail size-thumbnail\" alt=\"\" \/><\/a>\n\t\t\t<\/div><\/figure><figure class='gallery-item'>\n\t\t\t<div class='gallery-icon landscape'>\n\t\t\t\t<a href='https:\/\/www.scoutpoggiorusco.it\/wp-content\/uploads\/2012\/02\/DSC_0328-Copia.jpg'><img loading=\"lazy\" decoding=\"async\" width=\"150\" height=\"150\" src=\"https:\/\/www.scoutpoggiorusco.it\/wp-content\/uploads\/2012\/02\/DSC_0328-Copia-150x150.jpg\" class=\"attachment-thumbnail size-thumbnail\" alt=\"\" \/><\/a>\n\t\t\t<\/div><\/figure><figure class='gallery-item'>\n\t\t\t<div class='gallery-icon landscape'>\n\t\t\t\t<a href='https:\/\/www.scoutpoggiorusco.it\/wp-content\/uploads\/2012\/02\/DSC_0331-Copia.jpg'><img loading=\"lazy\" decoding=\"async\" width=\"150\" height=\"150\" src=\"https:\/\/www.scoutpoggiorusco.it\/wp-content\/uploads\/2012\/02\/DSC_0331-Copia-150x150.jpg\" class=\"attachment-thumbnail size-thumbnail\" alt=\"\" \/><\/a>\n\t\t\t<\/div><\/figure><figure class='gallery-item'>\n\t\t\t<div class='gallery-icon landscape'>\n\t\t\t\t<a href='https:\/\/www.scoutpoggiorusco.it\/wp-content\/uploads\/2012\/02\/DSC_0300-Copia.jpg'><img loading=\"lazy\" decoding=\"async\" width=\"150\" height=\"150\" src=\"https:\/\/www.scoutpoggiorusco.it\/wp-content\/uploads\/2012\/02\/DSC_0300-Copia-150x150.jpg\" class=\"attachment-thumbnail size-thumbnail\" alt=\"\" \/><\/a>\n\t\t\t<\/div><\/figure><figure class='gallery-item'>\n\t\t\t<div class='gallery-icon landscape'>\n\t\t\t\t<a href='https:\/\/www.scoutpoggiorusco.it\/wp-content\/uploads\/2012\/02\/DSC_0301-Copia.jpg'><img loading=\"lazy\" decoding=\"async\" width=\"150\" height=\"150\" src=\"https:\/\/www.scoutpoggiorusco.it\/wp-content\/uploads\/2012\/02\/DSC_0301-Copia-150x150.jpg\" class=\"attachment-thumbnail size-thumbnail\" alt=\"\" \/><\/a>\n\t\t\t<\/div><\/figure><figure class='gallery-item'>\n\t\t\t<div class='gallery-icon landscape'>\n\t\t\t\t<a href='https:\/\/www.scoutpoggiorusco.it\/wp-content\/uploads\/2012\/02\/DSC_0311-Copia.jpg'><img loading=\"lazy\" decoding=\"async\" width=\"150\" height=\"150\" src=\"https:\/\/www.scoutpoggiorusco.it\/wp-content\/uploads\/2012\/02\/DSC_0311-Copia-150x150.jpg\" class=\"attachment-thumbnail size-thumbnail\" alt=\"\" \/><\/a>\n\t\t\t<\/div><\/figure><figure class='gallery-item'>\n\t\t\t<div class='gallery-icon portrait'>\n\t\t\t\t<a href='https:\/\/www.scoutpoggiorusco.it\/wp-content\/uploads\/2012\/02\/DSC_0317-Copia.jpg'><img loading=\"lazy\" decoding=\"async\" width=\"150\" height=\"150\" src=\"https:\/\/www.scoutpoggiorusco.it\/wp-content\/uploads\/2012\/02\/DSC_0317-Copia-150x150.jpg\" class=\"attachment-thumbnail size-thumbnail\" alt=\"\" \/><\/a>\n\t\t\t<\/div><\/figure><figure class='gallery-item'>\n\t\t\t<div class='gallery-icon landscape'>\n\t\t\t\t<a href='https:\/\/www.scoutpoggiorusco.it\/wp-content\/uploads\/2012\/02\/DSCN2187-Copia.jpg'><img loading=\"lazy\" decoding=\"async\" width=\"150\" height=\"150\" src=\"https:\/\/www.scoutpoggiorusco.it\/wp-content\/uploads\/2012\/02\/DSCN2187-Copia-150x150.jpg\" class=\"attachment-thumbnail size-thumbnail\" alt=\"\" \/><\/a>\n\t\t\t<\/div><\/figure><figure class='gallery-item'>\n\t\t\t<div class='gallery-icon landscape'>\n\t\t\t\t<a href='https:\/\/www.scoutpoggiorusco.it\/wp-content\/uploads\/2012\/02\/DSC_0323-Copia.jpg'><img loading=\"lazy\" decoding=\"async\" width=\"150\" height=\"150\" src=\"https:\/\/www.scoutpoggiorusco.it\/wp-content\/uploads\/2012\/02\/DSC_0323-Copia-150x150.jpg\" class=\"attachment-thumbnail size-thumbnail\" alt=\"\" \/><\/a>\n\t\t\t<\/div><\/figure><figure class='gallery-item'>\n\t\t\t<div class='gallery-icon portrait'>\n\t\t\t\t<a href='https:\/\/www.scoutpoggiorusco.it\/wp-content\/uploads\/2012\/02\/DSC_0304-Copia.jpg'><img loading=\"lazy\" decoding=\"async\" width=\"150\" height=\"150\" src=\"https:\/\/www.scoutpoggiorusco.it\/wp-content\/uploads\/2012\/02\/DSC_0304-Copia-150x150.jpg\" class=\"attachment-thumbnail size-thumbnail\" alt=\"\" \/><\/a>\n\t\t\t<\/div><\/figure><figure class='gallery-item'>\n\t\t\t<div class='gallery-icon landscape'>\n\t\t\t\t<a href='https:\/\/www.scoutpoggiorusco.it\/wp-content\/uploads\/2012\/02\/DSC_0292-Copia.jpg'><img loading=\"lazy\" decoding=\"async\" width=\"150\" height=\"150\" src=\"https:\/\/www.scoutpoggiorusco.it\/wp-content\/uploads\/2012\/02\/DSC_0292-Copia-150x150.jpg\" class=\"attachment-thumbnail size-thumbnail\" alt=\"\" \/><\/a>\n\t\t\t<\/div><\/figure><figure class='gallery-item'>\n\t\t\t<div class='gallery-icon landscape'>\n\t\t\t\t<a href='https:\/\/www.scoutpoggiorusco.it\/wp-content\/uploads\/2012\/02\/DSC_0296-Copia.jpg'><img loading=\"lazy\" decoding=\"async\" width=\"150\" height=\"150\" src=\"https:\/\/www.scoutpoggiorusco.it\/wp-content\/uploads\/2012\/02\/DSC_0296-Copia-150x150.jpg\" class=\"attachment-thumbnail size-thumbnail\" alt=\"\" \/><\/a>\n\t\t\t<\/div><\/figure>\n\t\t<\/div>\n\n<p>&nbsp;<\/p>\n<p>&nbsp;<\/p>\n<p>&nbsp;<\/p>\n<p>&nbsp;<\/p>\n<p>&nbsp;<\/p>\n<p>&nbsp;<\/p>\n<p>&nbsp;<\/p>\n<p>&nbsp;<\/p>\n<p>&nbsp;<\/p>\n<p>&nbsp;<\/p>\n<p>&nbsp;<\/p>\n<p>&nbsp;<\/p>\n<p>&nbsp;<\/p>\n<p>&nbsp;<\/p>\n<p>&nbsp;<\/p>\n<p>&nbsp;<\/p>\n<p>&nbsp;<\/p>\n<p>&nbsp;<\/p>\n<p>&nbsp;<\/p>\n<p>&nbsp;<\/p>\n<p>&nbsp;<\/p>\n<p>&nbsp;<\/p>\n<p>&nbsp;<\/p>","protected":false},"excerpt":{"rendered":"<p>&#8220;Il vero modo di essere&nbsp;felici&nbsp;\u00e8 quello di procurare la felicit\u00e0 agli altri&#8221; ~ Robert Baden-Powell La casa scout \u201cOasi di Stoppiaro\u201d nasce dalla ristrutturazione dello stabile della canonica di Stoppiaro di propriet\u00e0 della Parrocchia di Dragoncello, per volont\u00e0 dell&#8217;allora parroco don Giuliano Spagna. Tale luogo, comprensivo della chiesa di S. Maria Maddalena, prima testimone e&nbsp; [&hellip;]<\/p>\n","protected":false},"author":1,"featured_media":120,"parent":0,"menu_order":0,"comment_status":"open","ping_status":"open","template":"page-full.php","meta":{"footnotes":""},"class_list":["post-2","page","type-page","status-publish","has-post-thumbnail","hentry"],"_links":{"self":[{"href":"https:\/\/www.scoutpoggiorusco.it\/index.php?rest_route=\/wp\/v2\/pages\/2","targetHints":{"allow":["GET"]}}],"collection":[{"href":"https:\/\/www.scoutpoggiorusco.it\/index.php?rest_route=\/wp\/v2\/pages"}],"about":[{"href":"https:\/\/www.scoutpoggiorusco.it\/index.php?rest_route=\/wp\/v2\/types\/page"}],"author":[{"embeddable":true,"href":"https:\/\/www.scoutpoggiorusco.it\/index.php?rest_route=\/wp\/v2\/users\/1"}],"replies":[{"embeddable":true,"href":"https:\/\/www.scoutpoggiorusco.it\/index.php?rest_route=%2Fwp%2Fv2%2Fcomments&post=2"}],"version-history":[{"count":77,"href":"https:\/\/www.scoutpoggiorusco.it\/index.php?rest_route=\/wp\/v2\/pages\/2\/revisions"}],"predecessor-version":[{"id":752,"href":"https:\/\/www.scoutpoggiorusco.it\/index.php?rest_route=\/wp\/v2\/pages\/2\/revisions\/752"}],"wp:featuredmedia":[{"embeddable":true,"href":"https:\/\/www.scoutpoggiorusco.it\/index.php?rest_route=\/wp\/v2\/media\/120"}],"wp:attachment":[{"href":"https:\/\/www.scoutpoggiorusco.it\/index.php?rest_route=%2Fwp%2Fv2%2Fmedia&parent=2"}],"curies":[{"name":"wp","href":"https:\/\/api.w.org\/{rel}","templated":true}]}}