{"id":19,"date":"2012-05-06T22:47:49","date_gmt":"2012-05-06T22:47:49","guid":{"rendered":"http:\/\/coka.mine.nu\/~scoutpoggio\/?page_id=19"},"modified":"2014-11-20T22:04:21","modified_gmt":"2014-11-20T22:04:21","slug":"lupetti","status":"publish","type":"page","link":"https:\/\/www.scoutpoggiorusco.it\/?page_id=19","title":{"rendered":"L\/C"},"content":{"rendered":"<p style=\"text-align: center;\"><!--more--><\/p>\n<h2 style=\"text-align: center;\"><span style=\"font-size: 1.5em;\">BRANCA L\/C<\/span><\/h2>\n<h2 style=\"text-align: center;\">BRANCO \u201cSTELLA FELICE\u201d &#8211; Poggio Rusco 1<\/h2>\n<p>&nbsp;<\/p>\n<h3><span style=\"font-size: 18px;\">Branca LC<\/span><\/h3>\n<p><span style=\"font-size: 15px;\">Lo Scoutismo apre il suo ciclo educativo con una proposta ai bambini ed alle bambine dai 8 agli 11 anni che si uniscono in Unit\u00e0 chiamate Branchi.\u00a0Il metodo educativo utilizzato \u00e8 quello dello Scoutismo i cui fondamenti si trovano nell\u2019opera di Baden Powell, nello Statuto e nel Patto Associativo. La proposta educativa della Branca Lupetti\/Coccinelle viene proseguita nelle et\u00e0 successive da quella della Branca E\/G e R\/S.<\/span><br \/>\n&nbsp;<\/p>\n<h3><span style=\"font-size: 18px;\">Legge del branco<\/span><\/h3>\n<p><span style=\"font-size: 15px;\">La Legge esprime le regole che aiutano ciascuno nel grande gioco della crescita: \u201cIl Lupetto pensa agli altri come a se stesso\u201d. \u201cIl Lupetto vive con gioia e lealt\u00e0 insieme al Branco\u201d.<\/span><br \/>\n&nbsp;<\/p>\n<h3><span style=\"font-size: 18px;\">La promessa del lupetto<\/span><\/h3>\n<p><span style=\"font-size: 15px;\">La Promessa \u00e8 un impegno che il Lupetto si prende davanti al Branco e a Ges\u00f9.<\/span><\/p>\n<p><span style=\"font-size: 15px;\">\u201cPrometto, con l\u2019aiuto e l\u2019esempio di Ges\u00f9,<br \/>\ndi fare del mio meglio nel migliorare me stesso,<br \/>\nnell\u2019aiutare gli altri,<br \/>\nnell\u2019osservare la Legge del Branco\u201d.<\/span><\/p>\n<p><span style=\"font-size: 15px;\">Con la promessa il bambino entra nell\u2019 Associazione e nella grande Famiglia degli Scouts ed inizia, all\u2019interno della comunit\u00e0 di Branco, un cammino personale di crescita nel quale \u00e8 seguito ed aiutato dai Capi. <\/span><br \/>\n&nbsp;<\/p>\n<h3><span style=\"font-size: 18px;\">Il motto<\/span><\/h3>\n<p><span style=\"font-size: 15px;\">Il motto \u201cDel nostro meglio\u201d \u00e8 la sintesi della Promessa; significa crescere con il proprio impegno e grazie all\u2019aiuto degli altri. L\u2019utilizzo dell\u2019uniforme uguale per tutti \u00e8 un segno esteriore dell\u2019appartenenza \u00a0all\u2019Associazione, che aiuta il bambino a riconoscersi nei valori che questa gli propone.<\/span><br \/>\n&nbsp;<\/p>\n<h3><span style=\"font-size: 18px;\">Il saluto<\/span><\/h3>\n<p><span style=\"font-size: 15px;\">I lupetti salutano con la mano destra, portando all&#8217;altezza della tempia l&#8217;indice e il medio tesi e divaricati (che ricordano i due articoli della Legge e le orecchie tese del lupo), l&#8217;anulare ed il mignolo ripiegati sotto il pollice. Oltrech\u00e8 dai Lupetti\/Coccinelle tra di loro, il saluto L\/C \u00e8 eseguito da questi ultimi ai Capi delle Branche L\/C, e viceversa. Invece tra di loro i Capi delle Branche L\/C eseguono il saluto scout. Coloro che non hanno ancora fatto la Promessa (chiamati &#8220;cuccioli&#8221; nei Branchi e &#8220;cocci&#8221; nei Cerchi) non possono ancora fare il saluto; ad essi si stringe la mano destra.<\/span><br \/>\n&nbsp;<\/p>\n<h3><span style=\"font-size: 18px;\">Il gioco<\/span><\/h3>\n<p><span style=\"font-size: 15px;\">\u201c\u2026Il primo grande educatore\u201d (Lord Baden Powell)<\/span><\/p>\n<p><span style=\"font-size: 15px;\">Il gioco \u00e8 l\u2019elemento fondamentale del Metodo scout, elemento costruttivo per la crescita personale non solo nell\u2019infanzia ma anche nell\u2019adolescenza e nell\u2019et\u00e0 adulta. Il gioco\u00a0costituisce il mezzo pedagogico portante nella vita della Branca. Esso offre all\u2019educatore l\u2019occasione per dare al bambino, giocando con lui, fiducia nelle proprie capacit\u00e0 e per incoraggiarlo cos\u00ec a superare sempre nuove difficolt\u00e0. Giocando il bambino impara ad osservare le regole, ad avere rispetto degli altri, ad essere leale verso se stesso e verso gli altri, ad accettare i propri limiti, facendo sempre del proprio meglio per superarli ed a collaborare\u00a0con gli altri. Inoltre egli esercita le sue funzioni motorie, percettive ed immaginative e vive la propria esperienza con stile e spirito scout.<\/span><br \/>\n&nbsp;<\/p>\n<h3><span style=\"font-size: 18px;\">La buona azione<\/span><\/h3>\n<p><span style=\"font-size: 15px;\">L\u2019educazione al servizio del prossimo si attua con il superamento dell\u2019egoismo e della\u00a0pigrizia, chiedendo ai bambini di fare partecipi gli altri della propria gioia, attraverso piccoli gesti concreti chiamati \u201cBuone Azioni\u201d. Le due caratteristiche principali della Buona Azione sono la gioia del bambino che fa l\u2019azione,e lo stupore e la gioia di chi riceve il gesto. Il clima ideale per la Buona Azione \u00e8 quello della Famiglia Felice. Nell\u2019arco educativo scout la Buona Azione trova la sua logica continuazione nella successiva Branca E\/G e poi nel\u00a0\u201cServizio\u201d della Branca R\/S.<\/span><br \/>\n&nbsp;<\/p>\n<h3><span style=\"font-size: 18px;\">La preghiera del lupetto<\/span><\/h3>\n<p><span style=\"font-size: 15px;\">\u201cMio Buon Ges\u00f9, io ti amo con tutto il cuore, perch\u00e9 mai trover\u00f2 migliore amico di te. Per farti piacere io voglio, con l\u2019aiuto di Maria, nostra mamma del cielo, fare del mio meglio, come tu facevi ogni giorno a Nazareth. Insegnami dunque ad ascoltare non me stesso, ma la tua voce, quella dei miei genitori, dei miei superiori, dei miei capi. Amen.\u201d<\/span><br \/>\n&nbsp;<\/p>\n<h3><span style=\"font-size: 18px;\">L\u2019ambiente fantastico<\/span><\/h3>\n<p><span style=\"font-size: 15px;\">Il metodo della Branca L\/C si basa sull\u2019uso dell\u2019Ambiente Fantastico. Attraverso l\u2019uso del racconto, si crea uno sfondo di riferimento che permette di collocare in un contesto significativo aspetti, momenti, attivit\u00e0 della giornata e del proprio camminio di vita. \u201cIl libro della giungla\u201d di R. Kipling \u00e8 l\u2019Ambiente Fantastico che ci accompagna nelle attivit\u00e0 di Branco.<\/span><\/p>\n","protected":false},"excerpt":{"rendered":"","protected":false},"author":1,"featured_media":20,"parent":7,"menu_order":0,"comment_status":"open","ping_status":"open","template":"page-full.php","meta":{"footnotes":""},"class_list":["post-19","page","type-page","status-publish","has-post-thumbnail","hentry"],"_links":{"self":[{"href":"https:\/\/www.scoutpoggiorusco.it\/index.php?rest_route=\/wp\/v2\/pages\/19","targetHints":{"allow":["GET"]}}],"collection":[{"href":"https:\/\/www.scoutpoggiorusco.it\/index.php?rest_route=\/wp\/v2\/pages"}],"about":[{"href":"https:\/\/www.scoutpoggiorusco.it\/index.php?rest_route=\/wp\/v2\/types\/page"}],"author":[{"embeddable":true,"href":"https:\/\/www.scoutpoggiorusco.it\/index.php?rest_route=\/wp\/v2\/users\/1"}],"replies":[{"embeddable":true,"href":"https:\/\/www.scoutpoggiorusco.it\/index.php?rest_route=%2Fwp%2Fv2%2Fcomments&post=19"}],"version-history":[{"count":38,"href":"https:\/\/www.scoutpoggiorusco.it\/index.php?rest_route=\/wp\/v2\/pages\/19\/revisions"}],"predecessor-version":[{"id":666,"href":"https:\/\/www.scoutpoggiorusco.it\/index.php?rest_route=\/wp\/v2\/pages\/19\/revisions\/666"}],"up":[{"embeddable":true,"href":"https:\/\/www.scoutpoggiorusco.it\/index.php?rest_route=\/wp\/v2\/pages\/7"}],"wp:featuredmedia":[{"embeddable":true,"href":"https:\/\/www.scoutpoggiorusco.it\/index.php?rest_route=\/wp\/v2\/media\/20"}],"wp:attachment":[{"href":"https:\/\/www.scoutpoggiorusco.it\/index.php?rest_route=%2Fwp%2Fv2%2Fmedia&parent=19"}],"curies":[{"name":"wp","href":"https:\/\/api.w.org\/{rel}","templated":true}]}}